{"id":27,"date":"2021-06-30T15:47:52","date_gmt":"2021-06-30T15:47:52","guid":{"rendered":"https:\/\/journalismus.pestalozzi.at\/?page_id=27"},"modified":"2023-02-22T10:36:28","modified_gmt":"2023-02-22T10:36:28","slug":"about-us","status":"publish","type":"page","link":"https:\/\/journalismus.pestalozzi.at\/index.php\/about-us\/","title":{"rendered":"Die Starter: Schuljahr 2021\/22"},"content":{"rendered":"<p><img loading=\"lazy\" decoding=\"async\" class=\"alignnone wp-image-455\" src=\"https:\/\/journalismus.pestalozzi.at\/wp-content\/uploads\/2022\/01\/EC954BD0-EF33-4864-B2F5-131842EDFF00-300x127.jpeg\" alt=\"\" width=\"1078\" height=\"456\" srcset=\"https:\/\/journalismus.pestalozzi.at\/wp-content\/uploads\/2022\/01\/EC954BD0-EF33-4864-B2F5-131842EDFF00-300x127.jpeg 300w, https:\/\/journalismus.pestalozzi.at\/wp-content\/uploads\/2022\/01\/EC954BD0-EF33-4864-B2F5-131842EDFF00-768x326.jpeg 768w\" sizes=\"(max-width: 1078px) 100vw, 1078px\" \/><\/p>\n<p>Wir acht M\u00e4dels bilden in den ersten beiden Semestern unseres 3-j\u00e4hrigen Wahlpflichtkurses <em>Journalismus, Kommunikation &amp; Medien<\/em> das allererste Redaktionsteam unseres neuen Newsblogs. Wir w\u00e4hlen f\u00fcr euch spannende Themen aus und verpacken sie in Nachrichten. Wir publizieren im heurigen Jahr tatsachenbetonende journalistische Darstellungsformen wie Meldung, Interview und Bericht.<\/p>\n<p>Wir bilden auch das Team der Social-Media-Redaktion auf Instagram. (link ganz unten)<\/p>\n<p>Unser Team, sitzend von rechts nach links:<\/p>\n<p><strong>Melisa (die Kuchenspezialistin) &#8211; gelassen<br \/>\n<\/strong>So ruhig und sch\u00fcchtern sie auf den ersten Blick wirkt \u2013 kennt man sie n\u00e4her, wird man sofort feststellen, wie aufgeweckt das M\u00e4del ist. Sie bringt absolut Stimmung in ihr Umfeld, stets optimistisch l\u00e4chelnd. Sie kennt sich nicht nur mit den neuesten Mode- und Make-up-Trends aus sondern wei\u00df auch, wie man verschiedene Kuchen backt. Besonders beliebt bei uns ist ihr fantastischer Lemon Cake.<\/p>\n<p><em>\u201eEin negativer Geist wird dir nie ein positives Leben geben\u201c<\/em><\/p>\n<p><strong>Asra (der Historyfreak) &#8211; humorvoll<br \/>\n<\/strong>Ob Drama, Fantasy oder Romantik \u2013 sie liest f\u00fcr ihr Leben gerne. Am liebsten st\u00f6bert sie in Geschichten aus l\u00e4ngst vergangenen Zeiten. Was das Schreiben anbelangt h\u00e4lt sie sich gern auch an die englische Sprache. Eine ausgesprochen hilfsbereite junge Frau, die wei\u00df wie sie andere mit ihrem einzigartigen Lachen mitrei\u00dfen kann. Ihr Outfit ist stets trendy, sie hat den Touch der 80er, vor allem in ihrem Hairstyling.<\/p>\n<p><em>\u201eMake someone smile everyday, but never forget, you are someone too\u201c<\/em><\/p>\n<p><strong>Johanna (die Motorsport-Fanatikerin) &#8211; emotional<br \/>\n<\/strong>Sei es Formel 1, DTM oder Nascar. Gehen die Motoren der Sportw\u00e4gen an, kann sie sich auf nichts anderes fokussieren. Mit ihrer zart sarkastischen, aber humorvollen Art bringt sie den Spa\u00df in ihre Familienreisen. Doch wenn sie singt, dann wird es rundherum still. Ihre tolle Sopranstimme steht f\u00fcr das Dramatische, aber auch das Romantische in ihrem Wesen. Dies spiegelt sich auch in ihren emotionalen Kurzgeschichten wieder. Sie schreibt generell gut und gern.<\/p>\n<p><em>\u201eLife isn\u2019t about waiting for the storm to pass, it\u2019s about learning how to dance in the rain\u201c<\/em><\/p>\n<p><strong>Denise (die Hobbyastrologin) &#8211; kreativ<br \/>\n<\/strong>Nach 2 Jahren Hip Hop, tanzt sie nun zu verschiedenen Songs und singt bei so manchen auch mit. Sie ist immer offen f\u00fcr Neues und hilft den Menschen gerne, weil sie sich gut in sie hineinversetzten kann. In ihrer Freizeit verbringt sie nicht nur Zeit mit ihren Freunden, sondern auch mit den neuesten Horoskopen. Nenne ihr dein Sternzeichen und sie erkl\u00e4rt dir wer du bist!<\/p>\n<p>\u201e<em>You can\u2019t go back and change the beginning, but you can start where you are and change the ending\u201c<\/em><\/p>\n<p><strong>Aida (die Motivationskanone) &#8211; chaotisch<br \/>\n<\/strong>Die engagierte Energiebombe verbreitet Positivit\u00e4t wo sie nur kann. Sie sieht zwar schlecht, kann dem Menschen aber dennoch tief ins Herz blicken. Dabei schenkt sie jedem ein offenes Ohr, und ist immer f\u00fcr andere da. Sie lebt nach dem Motto \u201eno risk, no fun\u201c, aber auf eine besondere Weise und genie\u00dft ihr Leben.<\/p>\n<p><em>\u201eShow people that good still exists in this world. Kiss your closest, hug the broken hearts, laugh out loud and live out loud\u201c<\/em><\/p>\n<p><strong>Natalie (die Musikliebhaberin) &#8211; vertr\u00e4umt<br \/>\n<\/strong>Sie liest Thriller-und Fantasyromane mindestens genauso gerne wie sie Kurzgeschichten schreibt. Dazu braucht sie aber unbedingt die richtige Musik \u2013 immer an ihre Stimmung angepasst. Sei es Symphonic Metall, Metall aus den 90ern, Rock oder Austropop. Ihr Musikgeschmack ist sehr speziell \u2013 so spiegeln ihre Texte die Musik, die sie beim Schreiben h\u00f6rt, in gewisser Weise wider.<\/p>\n<p><em>\u201eNicht alle St\u00fcrme kommen, um dein Leben zu verw\u00fcsten. Manche kommen nur, um dir den Weg freizur\u00e4umen\u201c<\/em><\/p>\n<p><strong>Emina (die Sportskanone) \u2013 ambitioniert<br \/>\n<\/strong>Wenn sie sich nicht gerade mit Freunden trifft, verbringt sie ihre Zeit im Fitnessstudio. Dort kann sie ihren Gedanken freien Lauf lassen, ihre Sorgen f\u00fcr eine Weile vergessen und Stress reduzieren. Durch ihre Liebe zum Sport wurde sie selbstbewusster, ehrgeiziger und zielstrebiger. Sieht sie das Ziel vor ihren Augen, erreicht sie es auch. Eine ambitionierte Sportskanone.<\/p>\n<p><em>\u201eYou may not end up where you thought you were going, but you will always end up where you were meant to be\u201c<\/em><\/p>\n<p><strong>Nora (die Theorienj\u00e4gerin) \u2013 interessiert<br \/>\n<\/strong><span style=\"color: var(--colorfont); font-family: -apple-system, BlinkMacSystemFont, 'Segoe UI', Roboto, Oxygen-Sans, Ubuntu, Cantarell, 'Helvetica Neue', sans-serif; letter-spacing: 0.02em;\">Die Musik entspannt sie und sorgt daf\u00fcr, dass sie all ihre Sorgen vergessen kann. So liest sie in ihrer Freizeit gerne Fantasyromane oder \u00e4hnliches. Vor allem besch\u00e4ftigt sie sich mit den verschiedensten Theorien rund um die Welt, weil sie es sehr faszinierend findet mehr \u00fcber die Geschehnisse auf diesem Planeten zu erfahren.<br \/>\n<\/span><\/p>\n<p><em>\u201eYour wanting a sign, is a sign\u201c<\/em><\/p>\n<p>&nbsp;<\/p>\n","protected":false},"excerpt":{"rendered":"","protected":false},"author":1,"featured_media":455,"parent":0,"menu_order":1,"comment_status":"closed","ping_status":"closed","template":"","meta":{"footnotes":""},"_links":{"self":[{"href":"https:\/\/journalismus.pestalozzi.at\/index.php\/wp-json\/wp\/v2\/pages\/27"}],"collection":[{"href":"https:\/\/journalismus.pestalozzi.at\/index.php\/wp-json\/wp\/v2\/pages"}],"about":[{"href":"https:\/\/journalismus.pestalozzi.at\/index.php\/wp-json\/wp\/v2\/types\/page"}],"author":[{"embeddable":true,"href":"https:\/\/journalismus.pestalozzi.at\/index.php\/wp-json\/wp\/v2\/users\/1"}],"replies":[{"embeddable":true,"href":"https:\/\/journalismus.pestalozzi.at\/index.php\/wp-json\/wp\/v2\/comments?post=27"}],"version-history":[{"count":41,"href":"https:\/\/journalismus.pestalozzi.at\/index.php\/wp-json\/wp\/v2\/pages\/27\/revisions"}],"predecessor-version":[{"id":719,"href":"https:\/\/journalismus.pestalozzi.at\/index.php\/wp-json\/wp\/v2\/pages\/27\/revisions\/719"}],"wp:featuredmedia":[{"embeddable":true,"href":"https:\/\/journalismus.pestalozzi.at\/index.php\/wp-json\/wp\/v2\/media\/455"}],"wp:attachment":[{"href":"https:\/\/journalismus.pestalozzi.at\/index.php\/wp-json\/wp\/v2\/media?parent=27"}],"curies":[{"name":"wp","href":"https:\/\/api.w.org\/{rel}","templated":true}]}}