{"id":826,"date":"2023-10-24T09:41:04","date_gmt":"2023-10-24T09:41:04","guid":{"rendered":"https:\/\/journalismus.pestalozzi.at\/?page_id=826"},"modified":"2023-12-11T12:43:04","modified_gmt":"2023-12-11T12:43:04","slug":"die-dritten-schuljahr-2023-24","status":"publish","type":"page","link":"https:\/\/journalismus.pestalozzi.at\/index.php\/die-dritten-schuljahr-2023-24\/","title":{"rendered":"Die Dritten: Schuljahr 2023\/24"},"content":{"rendered":"<p><strong>Auf den ersten Blick: FRECH, KREATIV, ANDERS<\/strong><br \/>\ndas neue JKM-Team stellt sich vor<\/p>\n<p><img decoding=\"async\" src=\"https:\/\/journalismus.pestalozzi.at\/wp-content\/uploads\/2023\/12\/thumbnail_image0.jpg\" \/><\/p>\n<p><strong>SCHLAFLOSE N\u00c4CHTE FT. HOODBLAQ: ~Amy und Pia.<br \/>\n<\/strong>Wir schlafen gew\u00f6hnlich am Tag, an anderen Tagen dagegen wird gekocht und getanzt, mit Hoodblaq im Hintergrund. Wir haben uns auch \u00fcber die Abholzung des Regenwaldes unterhalten und einigten uns darauf, dass wir beide dagegen sind. Jedoch waren wir gleich derselben Meinung, als es um die Zusammenarbeit von Beethoven und Hoodblaq ging. Wir meinten beide prophezeien zu k\u00f6nnen, dass wir blitzschnell einschlafen w\u00fcrden, k\u00f6nnten wir nur solch ein Album h\u00f6ren. Nicht zu vergessen ist, dass unser Tag erst um 17 Uhr beginnt, da wir lieber am Tag als in der Nacht schlafen. Deshalb erlauben wir uns h\u00e4ufig, zwischen 18 und 23 Uhr etwas Luft zu schnappen und uns auf den Metrotreppen mit Freunden zu treffen. Dort reden wir dann \u00fcber Gott und die Welt und essen oft bei Mc Donalds.<\/p>\n<p><strong>DIE HALAY- UND BOSANSKOKOLO-T\u00c4NZERINNEN: Molly &amp; Beritan<br \/>\n<\/strong>Molly, die Kroatin, die im Herzen T\u00fcrkin ist, was sie auch bei der Musik, die sie h\u00f6rt und den Filmen, die sie schaut, zeigt. Beritan, die Kurdin aus der T\u00fcrkei, die durch ihre Augen Freude ausstrahlt. Beide h\u00f6ren Musik entsprechend der Emotion, die sie gerade empfinden. Sind sie gut drauf, h\u00f6ren sie Pop- oder Jugo-Musik, welche ihnen eine besondere Art von Energie gibt. Sind sie aber traurig, verst\u00e4rken sie ihren Schmerz gerne mit melancholischen Liedern. Warum? Weil sie die Musik dadurch mehr \u201cf\u00fchlen\u201d k\u00f6nnen. Nur in einem Fall spielt ihre Stimmung keine Rolle, n\u00e4mlich dann, wenn sie ein Halay- oder Bosanskokolo-Lied h\u00f6ren, denn dann kann man die beiden nicht vom Tanzen abhalten.<\/p>\n<p><strong>SPORT VS. BACKEN: Moritz &amp; Loaiy<br \/>\n<\/strong><span style=\"color: var(--colorfont); font-family: -apple-system, BlinkMacSystemFont, 'Segoe UI', Roboto, Oxygen-Sans, Ubuntu, Cantarell, 'Helvetica Neue', sans-serif; letter-spacing: 0.02em;\">Loaiy spielt gerne Fu\u00dfball, was er sich selbst beigebracht hat. Moritz andererseits spielt Klavier seit 2019, auch er hat dies selbst erlernt. Au\u00dferdem h\u00f6rt Loaiy gerne Musik, da ihn diese beruhigt und er sich dann besser konzentrieren kann. Vor allem h\u00f6rt er Rap und franz\u00f6sische Musik. Seit seiner Kindheit liest Moritz gerne Krimis. Zudem b\u00e4ckt er in seiner Freizeit Torten, Kuchen und vieles mehr. Au\u00dferdem f\u00e4hrt er im November zu seiner Tante um mit ihr Kekse zu backen. Loaiy geht gerne mit seinen Freunden hinaus, um unter anderem Fu\u00dfball mit ihnen zu spielen. Moritz lernt gerne verschiedene Sprachen, bis jetzt kann er sieben sprechen. In den Sommerferien hat er angefangen, Spanisch zu lernen. Loaiy liebt es, nach einem anstrengenden Tag in Ruhe zu schlafen \u2026<\/span><\/p>\n<p><strong>TANZSAAL UND OFEN<\/strong><br \/>\n<strong>\u00dcber Lena, Michelle &amp; Selma:<\/strong><br \/>\nUnsere Gemeinsamkeit liegt in der Leidenschaft zum Tanzen und in der Begeisterung zum Backen. Lena tanzt von allen am l\u00e4ngsten. Angefangen mit Ballett bis hin zu klassischem Paartanz. Auch den Flashmob f\u00fcr das letzte Schulfest durfte sie ihren Mitsch\u00fclerinnen beibringen. Michelle hingegen tanzt nun seit Kurzem Hip-Hop, wobei ihre Passion schon viel fr\u00fcher entstand. Selma ist nicht nur tanzbegeistert, sondern auch anderweitig sportlich unterwegs. Am liebsten spielt sie Volleyball mit Freunden. Backen und die Schw\u00e4che f\u00fcr s\u00fc\u00dfes Geb\u00e4ck liegen uns allen im Blut. Besonders gerne backen wir in der Weihnachtszeit. Zudem sind wir ruhige, einf\u00fchlsame M\u00e4dchen, denen es aber auch an Energie und Humor nicht fehlt!<\/p>\n<p><strong>HIP HOP TRIFFT AUF KLARINETTE: Chantal &amp; Alina<br \/>\n<\/strong>Wir zwei h\u00f6ren nicht nur gerne Musik, sondern sie beeinflusst auch unsere Freizeitgestaltung stark. Wenn wir Musik h\u00f6ren, entscheiden wir uns f\u00fcr alles au\u00dfer Rock, Schlager und Klassik. Jedoch spielt Alina mit ihrer Klarinette in einer Blaskapelle auch klassische Musik. Viel lieber w\u00fcrde Sie aber zu modernerer Musik spielen, zum Beispiel zur Musik, zu der Chantal tanzt. Zu ihrem Hobby wurde n\u00e4mlich Hip Hop, womit sie vor einigen Wochen angefangen hat.<\/p>\n<p><span data-contrast=\"auto\"><strong>DAS REICH DER TR\u00c4UME: Anna &amp; Mia<\/strong><br \/>\n<\/span><span data-contrast=\"auto\">Wir sind Mia und Anna und unser Hobby ist schlafen.<\/span><span data-contrast=\"auto\"> Ihr wundert euch warum<\/span><span data-contrast=\"auto\">? <\/span><span data-contrast=\"auto\">&#8211; <\/span><span data-contrast=\"auto\">A<\/span><span data-contrast=\"auto\">usreichend Schlaf<\/span><span data-contrast=\"auto\"> ist sehr wichtig und macht auch S<\/span><span data-contrast=\"auto\">pa\u00df<\/span><span data-contrast=\"auto\">. Ein gesunder Mensch braucht ca. 8-10 Stunden R<\/span><span data-contrast=\"auto\">uhe<\/span><span data-contrast=\"auto\"> pro Tag. Mia schafft es (fast) jede Nacht 8 Stunden <\/span><span data-contrast=\"auto\">zu schlafen<\/span><span data-contrast=\"auto\">, w\u00e4hrend Anna ca. 6-7 Stunden a<\/span><span data-contrast=\"auto\">uf die Reihe bekommt<\/span><span data-contrast=\"auto\">. Aber das ist kein gro\u00dfes Problem, denn der Mittagsschlaf ist unser bester Freund.<\/span><span data-contrast=\"auto\"> Besonders nach einem anstrengenden Schultag.<\/span><span data-ccp-props=\"{}\">\u00a0<\/span><\/p>\n<p>&nbsp;<\/p>\n","protected":false},"excerpt":{"rendered":"","protected":false},"author":1,"featured_media":878,"parent":0,"menu_order":0,"comment_status":"closed","ping_status":"closed","template":"","meta":{"footnotes":""},"_links":{"self":[{"href":"https:\/\/journalismus.pestalozzi.at\/index.php\/wp-json\/wp\/v2\/pages\/826"}],"collection":[{"href":"https:\/\/journalismus.pestalozzi.at\/index.php\/wp-json\/wp\/v2\/pages"}],"about":[{"href":"https:\/\/journalismus.pestalozzi.at\/index.php\/wp-json\/wp\/v2\/types\/page"}],"author":[{"embeddable":true,"href":"https:\/\/journalismus.pestalozzi.at\/index.php\/wp-json\/wp\/v2\/users\/1"}],"replies":[{"embeddable":true,"href":"https:\/\/journalismus.pestalozzi.at\/index.php\/wp-json\/wp\/v2\/comments?post=826"}],"version-history":[{"count":10,"href":"https:\/\/journalismus.pestalozzi.at\/index.php\/wp-json\/wp\/v2\/pages\/826\/revisions"}],"predecessor-version":[{"id":886,"href":"https:\/\/journalismus.pestalozzi.at\/index.php\/wp-json\/wp\/v2\/pages\/826\/revisions\/886"}],"wp:featuredmedia":[{"embeddable":true,"href":"https:\/\/journalismus.pestalozzi.at\/index.php\/wp-json\/wp\/v2\/media\/878"}],"wp:attachment":[{"href":"https:\/\/journalismus.pestalozzi.at\/index.php\/wp-json\/wp\/v2\/media?parent=826"}],"curies":[{"name":"wp","href":"https:\/\/api.w.org\/{rel}","templated":true}]}}