{"id":846,"date":"2023-10-24T10:24:06","date_gmt":"2023-10-24T10:24:06","guid":{"rendered":"https:\/\/journalismus.pestalozzi.at\/?page_id=846"},"modified":"2023-10-24T11:01:44","modified_gmt":"2023-10-24T11:01:44","slug":"die-module","status":"publish","type":"page","link":"https:\/\/journalismus.pestalozzi.at\/index.php\/die-module\/","title":{"rendered":"DIE MODULE"},"content":{"rendered":"<p>Der Wahlpflichtkurs Journalismus, Kommunikation und Medien wird am Pestalozzi-Gymnasium seit 2021\/22 angeboten. Wir, ein f\u00fcnfk\u00f6pfiges Lehrerteam, bieten im Rahmen von f\u00fcnf Modulen unterschiedliche Inhalte zum Bereich Journalismus an. Die Welt der Medien ist komplex, wir wollen sie mit den Sch\u00fcler:innen durchleuchten und dazu beitragen, sich im Dschungel der Informationsflut zu orientieren und Manipulation zu erkennen. Wir beleuchten Qualit\u00e4tsjournalismus und werden dabei lernen, dass er die einzige Waffe im Kampf gegen Desinformation ist. Ein einziger, gut recherchierter Artikel, objektiv verfasst, kann mehr als 1000 Posts. Nicht die Emotion, sondern die Information sollte\u00a0 die Basis von Nachrichten sein. Dieser Wahlpficht-Kurs leistet einen Beitrag zur Bildung m\u00fcndiger, zuk\u00fcnftiger B\u00fcrger:innen, die sich selbst eine Meinung bilden und diese auch im Dialog artikulieren.<\/p>\n<p>&nbsp;<\/p>\n<p><strong>Modul 1 Grundlagen des Journalismus:<\/strong> Projektplanung, Erstellen eines eigenen Blog-Formates, Quellen, Recherche.<br \/>\nKennenlernen der Grundregeln f\u00fcr professionelles Schreiben, Verfassen und Publizieren einfacher Texte und Bilder.<br \/>\nKennenlernen der Medienbranche: Workshops bei Zeitung und Radio. Print und Online, Arbeitsalltag, Berufsfelder (Medienvertreter stellen sich vor), Sprechtechnik und erste Versuche in Moderation.<\/p>\n<p><strong>Modul 2 Kommunikationsebenen im Journalismus:<\/strong> Wahrnehmungs\u00fcbungen, Elemente der Gespr\u00e4chsf\u00fchrung, das journalistische Interview und Umfragen. Von der Idee bis zur Gestaltung bis hin zur Durchf\u00fchrung von Befragungen.<br \/>\nPers\u00f6nlichkeitsentwicklung: Entwickeln des pers\u00f6nlichen \u201eReporter-Ichs\u201c. St\u00e4rkung der eigenen Meinung. Unterst\u00fctzung beim Finden pers\u00f6nlicher Themenfelder und Interessen.<\/p>\n<p><strong>Modul 3 Audio-Video:<\/strong> Grundlagen, Aufnahme &amp; Nachbearbeitung, Grundlagen zu Formaten, Aufnahmeverfahren, Voreinstellungen, Kompression, Bearbeitung, Schnitt und Anwendung. Aufnahme eigener Texte, Interviews.<br \/>\nGrafik: Grundlagen &amp; Bildbearbeitung, Grundlagen zu Grafikformaten, Bildgestaltung, Bildausschnitten.<br \/>\nBearbeitung von Grafiken, Grundlagen der Bildmanipulation.<\/p>\n<p><strong>Modul 4 Vertiefung der Kommunikationsebenen im Journalismus:<\/strong> Auf Streifz\u00fcgen durch die Stadt und zu interessanten Schaupl\u00e4tzen. Recherche und Interviews zu selbst ausgew\u00e4hlten Themen f\u00fcr die Reportage. Diskussionsrunden zu den Themen und Texten in der Textwerkstatt. Journalistische und mediale Arbeitstechniken: Gestaltung des \u201ePestalozzi-Blogs\u201c im medialen Crossover mit Audio-Video-Grafik. Live-Berichterstattung bei Schulveranstaltungen.<\/p>\n<p><strong>Modul 5 &amp; 6 Journalismus, Technik und Demokratie:<\/strong> Rolle von Google, Facebook und Co.<br \/>\nEinfluss der k\u00fcnstlichen Intelligenz und von Algorithmen. Vom Print-Format zum st\u00fcndlichen Update online. Freie Presse als S\u00e4ule der Demokratie. Der Wandel der Medien: Vom Nachrichten- zum Meinungsjournalismus. Seri\u00f6se Berichterstattung. Ethische Grundz\u00fcge im Journalismus.<\/p>\n<p>&nbsp;<\/p>\n<p>&nbsp;<\/p>\n","protected":false},"excerpt":{"rendered":"","protected":false},"author":1,"featured_media":0,"parent":0,"menu_order":0,"comment_status":"closed","ping_status":"closed","template":"","meta":{"footnotes":""},"_links":{"self":[{"href":"https:\/\/journalismus.pestalozzi.at\/index.php\/wp-json\/wp\/v2\/pages\/846"}],"collection":[{"href":"https:\/\/journalismus.pestalozzi.at\/index.php\/wp-json\/wp\/v2\/pages"}],"about":[{"href":"https:\/\/journalismus.pestalozzi.at\/index.php\/wp-json\/wp\/v2\/types\/page"}],"author":[{"embeddable":true,"href":"https:\/\/journalismus.pestalozzi.at\/index.php\/wp-json\/wp\/v2\/users\/1"}],"replies":[{"embeddable":true,"href":"https:\/\/journalismus.pestalozzi.at\/index.php\/wp-json\/wp\/v2\/comments?post=846"}],"version-history":[{"count":6,"href":"https:\/\/journalismus.pestalozzi.at\/index.php\/wp-json\/wp\/v2\/pages\/846\/revisions"}],"predecessor-version":[{"id":860,"href":"https:\/\/journalismus.pestalozzi.at\/index.php\/wp-json\/wp\/v2\/pages\/846\/revisions\/860"}],"wp:attachment":[{"href":"https:\/\/journalismus.pestalozzi.at\/index.php\/wp-json\/wp\/v2\/media?parent=846"}],"curies":[{"name":"wp","href":"https:\/\/api.w.org\/{rel}","templated":true}]}}